{"id":20,"date":"2021-05-10T11:10:02","date_gmt":"2021-05-10T11:10:02","guid":{"rendered":"https:\/\/smart-med.ch\/index.php\/one-page-express\/"},"modified":"2026-01-28T08:52:21","modified_gmt":"2026-01-28T07:52:21","slug":"one-page-express","status":"publish","type":"page","link":"https:\/\/smart-med.ch\/","title":{"rendered":"Home"},"content":{"rendered":"<div id=\"overlapable-2\" class=\"features-coloured-icon-boxes-section\" style=\"background-color: #ffffff;\" data-label=\"Overlapable\" data-id=\"stripped-coloured-icon-boxes\" data-category=\"overlapable\" data-overlap=\"true\">\n<div class=\"gridContainer\">\n<div class=\"features-coloured-icon-boxes-innerrow flexbox-list dark-text\" data-type=\"row\">\n<div class=\"features-coloured-icon-boxes-featurecol cp3cols\">\n<h4>Produkte mit echtem Mehrwert<\/h4>\n<p>Unser Angebot basiert auf der \u00dcberzeugung, dass <span style=\"color: #02505c;\"><strong>fundiertes Fach- und global vernetztes Branchen-Wissen, kombiniert mit einer professionellen\u00a0Qualit\u00e4tskontrolle und einer eingespielten Logistik<\/strong><\/span> einen echten Mehrwert im Gesundheitswesen und in angrenzenden M\u00e4rkten schaffen kann. Die wichtigsten Hebel die wir dabei einsetzen sind ein kontinuierliches, <span style=\"color: #02505c;\"><strong>global angelegtes Sourcing nach innovativen L\u00f6sungen<\/strong><\/span> sowie ein systematisches Screening nach Produkten mit optimalem Preis-Leistungsverh\u00e4ltnis. Der Mehrwert den wir dabei f\u00fcr Sie schaffen besteht in einer f\u00fcr Sie oft erfolgsentscheidenden <span style=\"color: #02505c;\"><strong>Kostenreduktion\u00a0und Effizienzsteigerung<\/strong><\/span> unter betonter Ber\u00fccksichtigung der Nachhaltigkeit.<\/p>\n<p><span style=\"color: #02505c;\"><em><strong data-rich-text-format-boundary=\"true\">Bei uns finden Sie Produkte, welche Sie entweder nirgends wo anders oder nirgends wo anders so g\u00fcnstig und dabei verl\u00e4sslich geliefert erhalten!<\/strong><\/em><\/span><\/p>\n<\/div>\n<\/div>\n<\/div>\n<\/div>\n<div class=\"features-coloured-icon-boxes-featurecol cp3cols\">\n<h4 class=\"\">Um was es wirklich geht<\/h4>\n<p class=\"\">Es geht prim\u00e4r um Kosteneinsparungen im Gesundheitswesen. Wir glauben mit unserem Produktkatalog einen bedeutenden Beitrag dazu leisten zu k\u00f6nnen. Meistens wird <span style=\"color: #02505c;\"><strong>Effizienzsteigerung durch Innovation<\/strong><\/span> erm\u00f6glicht. Manchmal auch schlichtweg durch optimiertes Einkaufen (Sourcing, Logistik). Zudem bringt Innovation laufend Produkte f\u00fcr eine wirkungsvollere Medizin in Therapie und Diagnostik hervor. In jedem Fall ist ein profundes Know-how \u00fcber die Produkte sowie \u00fcber die Branche auf globalem Niveau erforderlich. Dieses Know-how haben wir in der Innovationsf\u00f6rderung und im internationalen Technologie-Transfer sowie bei der Entwicklung von L\u00f6sungen im rasant wachsenden digitalen Handel erlangt.<\/p>\n<\/div>\n<div id=\"overlapable-2\" class=\"features-coloured-icon-boxes-section\" style=\"background-color: #ffffff;\" data-label=\"Overlapable\" data-id=\"stripped-coloured-icon-boxes\" data-category=\"overlapable\" data-overlap=\"true\">\n<div class=\"gridContainer\">\n<div class=\"features-coloured-icon-boxes-innerrow flexbox-list dark-text\" data-type=\"row\">\n<div class=\"features-coloured-icon-boxes-featurecol cp3cols\">\n<p><a class=\"features-coloured-button\" href=\"\/\/smart-med.ch\/index.php\/ueber-uns\/\" target=\"_blank\" rel=\"noopener\">&#8230;&#8230; \u00fcber uns<\/a><\/p>\n<\/div>\n<div class=\"features-coloured-icon-boxes-featurecol cp3cols\">\n<h4 class=\"\">Unsere Produkte \u2013 Alles rund um die Gesundheit<\/h4>\n<\/div>\n<\/div>\n<\/div>\n<\/div>\n<p class=\"\">Unsere Produktpalette ist nicht auf dem Reisbrett noch irgendwie zuf\u00e4llig entstanden. Unser Anliegen ist eine m\u00f6glichst breite Abdeckung der Thematik Gesundheit \u2013<span style=\"color: #02505c;\"> <strong>von der Pr\u00e4vention \u00fcber die Diagnostik bis hin zur Therapie und Rehabilitation<\/strong>.<\/span> Dabei w\u00e4hlen wir unsere Produkte \/ Hersteller stets nach dem Haupt-Kriterium der Effizienzsteigerung unter Ber\u00fccksichtigung der Nachhaltigkeit aus. Dies verschafft Ihnen als Vertreter von Arztpraxen, Spit\u00e4lern und Kliniken, Alters- und Pflegeheimen, At-Home-Pflegediensten, Apotheken, Sport- und Rehabilitations-Einrichtungen einen <span style=\"color: #02505c;\"><strong>unmittelbar fassbaren Mehrwert<\/strong>,<\/span> indem Sie entweder Kosten sparen oder Zeit f\u00fcr wichtigeres gewinnen. Ihnen als Anbieter von Nahrungsmittel, Nahrungserg\u00e4nzungsmitteln sowie Getr\u00e4nken verhilft es zu einer <span style=\"color: #02505c;\"><strong>Aufwertung Ihres Angebots entlang den aktuellen Konsumenten-Trends<\/strong>.<\/span>\u00a0<\/p>\n<p><a href=\"https:\/\/smart-med.ch\/index.php\/produkte\/\">Unsere Produkte &#8230;<\/a><\/p>\n\n\n<figure class=\"wp-block-gallery has-nested-images columns-6 is-cropped wp-block-gallery-1 is-layout-flex wp-block-gallery-is-layout-flex\">\n<figure class=\"wp-block-image size-medium\"><a href=\"https:\/\/smart-med.ch\/wp-content\/uploads\/2021\/05\/WechatIMG5621-3.jpeg\"><img loading=\"lazy\" decoding=\"async\" width=\"300\" height=\"225\" data-id=\"169\" src=\"https:\/\/smart-med.ch\/wp-content\/uploads\/2021\/05\/WechatIMG5621-3-300x225.jpeg\" alt=\"\" class=\"wp-image-169\" srcset=\"https:\/\/smart-med.ch\/wp-content\/uploads\/2021\/05\/WechatIMG5621-3-300x225.jpeg 300w, https:\/\/smart-med.ch\/wp-content\/uploads\/2021\/05\/WechatIMG5621-3-1024x768.jpeg 1024w, https:\/\/smart-med.ch\/wp-content\/uploads\/2021\/05\/WechatIMG5621-3-768x576.jpeg 768w, https:\/\/smart-med.ch\/wp-content\/uploads\/2021\/05\/WechatIMG5621-3.jpeg 1440w\" sizes=\"auto, (max-width: 300px) 100vw, 300px\" \/><\/a><figcaption class=\"wp-element-caption\"><a href=\"https:\/\/smart-med.ch\/index.php\/produkt\/ffp3-mask-with-valve\/\" target=\"_blank\" rel=\"noreferrer noopener\">Schutzausr\u00fcstung<\/a><\/figcaption><\/figure>\n\n\n\n<figure class=\"wp-block-image size-medium\"><a href=\"https:\/\/smart-med.ch\/wp-content\/uploads\/2021\/05\/SQ2SkinEspuma250ML_1024x1024.jpg\"><img loading=\"lazy\" decoding=\"async\" width=\"300\" height=\"300\" data-id=\"174\" src=\"https:\/\/smart-med.ch\/wp-content\/uploads\/2021\/05\/SQ2SkinEspuma250ML_1024x1024-300x300.jpg\" alt=\"\" class=\"wp-image-174\" srcset=\"https:\/\/smart-med.ch\/wp-content\/uploads\/2021\/05\/SQ2SkinEspuma250ML_1024x1024-300x300.jpg 300w, https:\/\/smart-med.ch\/wp-content\/uploads\/2021\/05\/SQ2SkinEspuma250ML_1024x1024-150x150.jpg 150w, https:\/\/smart-med.ch\/wp-content\/uploads\/2021\/05\/SQ2SkinEspuma250ML_1024x1024-768x768.jpg 768w, https:\/\/smart-med.ch\/wp-content\/uploads\/2021\/05\/SQ2SkinEspuma250ML_1024x1024-270x270.jpg 270w, https:\/\/smart-med.ch\/wp-content\/uploads\/2021\/05\/SQ2SkinEspuma250ML_1024x1024-230x230.jpg 230w, https:\/\/smart-med.ch\/wp-content\/uploads\/2021\/05\/SQ2SkinEspuma250ML_1024x1024.jpg 1024w\" sizes=\"auto, (max-width: 300px) 100vw, 300px\" \/><\/a><figcaption class=\"wp-element-caption\">Hygiene &amp; Kosmetik<\/figcaption><\/figure>\n\n\n\n<figure class=\"wp-block-image size-medium\"><a href=\"https:\/\/smart-med.ch\/wp-content\/uploads\/2021\/05\/MAWI-Vital_2.png\"><img loading=\"lazy\" decoding=\"async\" width=\"300\" height=\"246\" data-id=\"175\" src=\"https:\/\/smart-med.ch\/wp-content\/uploads\/2021\/05\/MAWI-Vital_2-300x246.png\" alt=\"\" class=\"wp-image-175\" srcset=\"https:\/\/smart-med.ch\/wp-content\/uploads\/2021\/05\/MAWI-Vital_2-300x246.png 300w, https:\/\/smart-med.ch\/wp-content\/uploads\/2021\/05\/MAWI-Vital_2.png 620w\" sizes=\"auto, (max-width: 300px) 100vw, 300px\" \/><\/a><figcaption class=\"wp-element-caption\">Spitalbedarf &amp; <br>Medizinische Ger\u00e4te<\/figcaption><\/figure>\n\n\n\n<figure class=\"wp-block-image size-medium\"><a href=\"https:\/\/smart-med.ch\/wp-content\/uploads\/2021\/05\/WechatIMG6785.jpeg\"><img loading=\"lazy\" decoding=\"async\" width=\"300\" height=\"251\" data-id=\"173\" src=\"https:\/\/smart-med.ch\/wp-content\/uploads\/2021\/05\/WechatIMG6785-300x251.jpeg\" alt=\"\" class=\"wp-image-173\" srcset=\"https:\/\/smart-med.ch\/wp-content\/uploads\/2021\/05\/WechatIMG6785-300x251.jpeg 300w, https:\/\/smart-med.ch\/wp-content\/uploads\/2021\/05\/WechatIMG6785-1024x856.jpeg 1024w, https:\/\/smart-med.ch\/wp-content\/uploads\/2021\/05\/WechatIMG6785-768x642.jpeg 768w, https:\/\/smart-med.ch\/wp-content\/uploads\/2021\/05\/WechatIMG6785-1536x1283.jpeg 1536w, https:\/\/smart-med.ch\/wp-content\/uploads\/2021\/05\/WechatIMG6785-2048x1711.jpeg 2048w\" sizes=\"auto, (max-width: 300px) 100vw, 300px\" \/><\/a><figcaption class=\"wp-element-caption\">Diagnostik &amp; Reagenzien<\/figcaption><\/figure>\n\n\n\n<figure class=\"wp-block-image size-medium\"><a href=\"https:\/\/smart-med.ch\/wp-content\/uploads\/2021\/05\/IMG_2361.jpeg\"><img loading=\"lazy\" decoding=\"async\" width=\"292\" height=\"300\" data-id=\"140\" src=\"https:\/\/smart-med.ch\/wp-content\/uploads\/2021\/05\/IMG_2361-292x300.jpeg\" alt=\"\" class=\"wp-image-140\" srcset=\"https:\/\/smart-med.ch\/wp-content\/uploads\/2021\/05\/IMG_2361-292x300.jpeg 292w, https:\/\/smart-med.ch\/wp-content\/uploads\/2021\/05\/IMG_2361-998x1024.jpeg 998w, https:\/\/smart-med.ch\/wp-content\/uploads\/2021\/05\/IMG_2361-768x788.jpeg 768w, https:\/\/smart-med.ch\/wp-content\/uploads\/2021\/05\/IMG_2361.jpeg 1154w\" sizes=\"auto, (max-width: 292px) 100vw, 292px\" \/><\/a><figcaption class=\"wp-element-caption\">Sport- &amp; Reha-Ausr\u00fcstungn<\/figcaption><\/figure>\n<\/figure>\n\n\n\n<h4 class=\"wp-block-heading\">Service<\/h4>\n\n\n\n<p>Da die Gesch\u00e4ftsidee der Smart-Med Trading GmbH auf der Einbeziehung von Know-how \u00fcber die technisch-wissenschaftlichen Innovationen sowie \u00fcber das globale Netzwerk an Herstellern auf dem Gebiet der Zielm\u00e4rkte basiert, spielen die Dienstleistungen rund um den Handel mit entsprechenden Produkten f\u00fcr uns eine zentrale Rolle. Vom Sourcing innovativer oder preisg\u00fcnstiger Produkte bis hin zu einem effizienten und freundlichen Support bei der Anwendung der Produkte bieten wir Ihnen einen Mehrwert.<\/p>\n\n\n\n<p><a href=\"\/\/smart-med.ch\/index.php\/service\/\" target=\"_blank\" rel=\"noreferrer noopener\">Unser Service &#8230;.<\/a><\/p>\n\n\n\n<p><\/p>\n","protected":false},"excerpt":{"rendered":"<p>Produkte mit echtem Mehrwert Unser Angebot basiert auf der \u00dcberzeugung, dass fundiertes Fach- und global vernetztes Branchen-Wissen, kombiniert mit einer professionellen\u00a0Qualit\u00e4tskontrolle und einer eingespielten Logistik einen echten Mehrwert im Gesundheitswesen und in angrenzenden M\u00e4rkten schaffen kann. Die wichtigsten Hebel die<\/p>\n","protected":false},"author":1,"featured_media":0,"parent":0,"menu_order":0,"comment_status":"closed","ping_status":"closed","template":"","meta":{"footnotes":""},"class_list":["post-20","page","type-page","status-publish","hentry"],"aioseo_notices":[],"jetpack_sharing_enabled":true,"_links":{"self":[{"href":"https:\/\/smart-med.ch\/index.php\/wp-json\/wp\/v2\/pages\/20","targetHints":{"allow":["GET"]}}],"collection":[{"href":"https:\/\/smart-med.ch\/index.php\/wp-json\/wp\/v2\/pages"}],"about":[{"href":"https:\/\/smart-med.ch\/index.php\/wp-json\/wp\/v2\/types\/page"}],"author":[{"embeddable":true,"href":"https:\/\/smart-med.ch\/index.php\/wp-json\/wp\/v2\/users\/1"}],"replies":[{"embeddable":true,"href":"https:\/\/smart-med.ch\/index.php\/wp-json\/wp\/v2\/comments?post=20"}],"version-history":[{"count":44,"href":"https:\/\/smart-med.ch\/index.php\/wp-json\/wp\/v2\/pages\/20\/revisions"}],"predecessor-version":[{"id":4483,"href":"https:\/\/smart-med.ch\/index.php\/wp-json\/wp\/v2\/pages\/20\/revisions\/4483"}],"wp:attachment":[{"href":"https:\/\/smart-med.ch\/index.php\/wp-json\/wp\/v2\/media?parent=20"}],"curies":[{"name":"wp","href":"https:\/\/api.w.org\/{rel}","templated":true}]}}